{"id":7,"date":"2022-10-19T13:59:28","date_gmt":"2022-10-19T11:59:28","guid":{"rendered":"https:\/\/gruppe-cartonage.org\/?page_id=7"},"modified":"2022-11-02T00:14:26","modified_gmt":"2022-11-01T23:14:26","slug":"kontakt","status":"publish","type":"page","link":"https:\/\/gruppe-cartonage.org\/?page_id=7","title":{"rendered":"Kontakt"},"content":{"rendered":"\n<p>Du willst mitmachen, hast Fragen zu unserer K\u00fcfA oder Veranstaltung, oder hast eine Idee f\u00fcr eine politischen Dessert?<br>Schreib uns gern eine Mail an:  <em>gruppe.cartonage[at]notraces.net<\/em><\/p>\n\n\n\n<p>Hinweis: Wir sind der AZ Conni Mittwoch-K\u00fcfA (2. Mittwoch im Monat) sehr treu. Aus Kapazit\u00e4tsgr\u00fcnden hei\u00dft das f\u00fcr gew\u00f6hnlich,  dass wir Anfragen f\u00fcr K\u00fcfA-Support ausserhalb dieses Kontextes leider absagen.<\/p>\n","protected":false},"excerpt":{"rendered":"<p>Du willst mitmachen, hast Fragen zu unserer K\u00fcfA oder Veranstaltung, oder hast eine Idee f\u00fcr eine politischen Dessert?Schreib uns gern eine Mail an: gruppe.cartonage[at]notraces.net Hinweis: Wir sind der AZ Conni Mittwoch-K\u00fcfA (2. Mittwoch im Monat) sehr treu. Aus Kapazit\u00e4tsgr\u00fcnden hei\u00dft das f\u00fcr gew\u00f6hnlich, dass wir Anfragen f\u00fcr K\u00fcfA-Support ausserhalb dieses Kontextes leider absagen.<\/p>\n","protected":false},"author":1,"featured_media":0,"parent":0,"menu_order":0,"comment_status":"closed","ping_status":"closed","template":"","meta":{"pgc_sgb_lightbox_settings":"","footnotes":""},"class_list":["post-7","page","type-page","status-publish","hentry","entry"],"_links":{"self":[{"href":"https:\/\/gruppe-cartonage.org\/index.php?rest_route=\/wp\/v2\/pages\/7","targetHints":{"allow":["GET"]}}],"collection":[{"href":"https:\/\/gruppe-cartonage.org\/index.php?rest_route=\/wp\/v2\/pages"}],"about":[{"href":"https:\/\/gruppe-cartonage.org\/index.php?rest_route=\/wp\/v2\/types\/page"}],"author":[{"embeddable":true,"href":"https:\/\/gruppe-cartonage.org\/index.php?rest_route=\/wp\/v2\/users\/1"}],"replies":[{"embeddable":true,"href":"https:\/\/gruppe-cartonage.org\/index.php?rest_route=%2Fwp%2Fv2%2Fcomments&post=7"}],"version-history":[{"count":3,"href":"https:\/\/gruppe-cartonage.org\/index.php?rest_route=\/wp\/v2\/pages\/7\/revisions"}],"predecessor-version":[{"id":122,"href":"https:\/\/gruppe-cartonage.org\/index.php?rest_route=\/wp\/v2\/pages\/7\/revisions\/122"}],"wp:attachment":[{"href":"https:\/\/gruppe-cartonage.org\/index.php?rest_route=%2Fwp%2Fv2%2Fmedia&parent=7"}],"curies":[{"name":"wp","href":"https:\/\/api.w.org\/{rel}","templated":true}]}}