{"id":6,"date":"2022-10-19T13:59:28","date_gmt":"2022-10-19T11:59:28","guid":{"rendered":"https:\/\/gruppe-cartonage.org\/?page_id=6"},"modified":"2022-10-25T00:10:09","modified_gmt":"2022-10-24T22:10:09","slug":"ueber-uns","status":"publish","type":"page","link":"https:\/\/gruppe-cartonage.org\/?page_id=6","title":{"rendered":"\u00dcber uns"},"content":{"rendered":"\n<p><strong>Die gruppe.cartonage ist ein freier Zusammenschluss von Menschen.<\/strong><\/p>\n\n\n\n<p>Wir setzten uns ein f\u00fcr eine Welt, in der die Bewegungsfreiheit Selbstverst\u00e4ndlichkeit ist. Dazu geh\u00f6ren zwei Prinzipien: <strong>Das Recht zu gehen ist mit dem Recht zu bleiben untrennbar verbunden.<\/strong> Durch verschiedene Formen der \u00d6ffentlichkeitsarbeit informieren wir Interessierte \u00fcber die Rechte von und Restriktionen gegen\u00fcber Asyl Suchenden in der BRD, die deutsche und europ\u00e4ische Asylpolitik und kontextualisieren dies unter dem Fokus des strukturellen Rassismus.<br><strong>Wir solidarisieren uns mit den Menschen, die das Migrationsregime der BRD allt\u00e4glich aushalten m\u00fcssen, ohne \u00fcber die Privilegien wei\u00dfer Europ\u00e4er*innen zu verf\u00fcgen.<\/strong><\/p>\n\n\n\n<p>F\u00fcr gew\u00f6hnlich kochen wir einmal im Monat (2. Mittwoch) im AZ Conni. Nach veganer k\u00fcfa \u00e0 la cartonage servieren wir den politischen Nachtisch in Form von Filmen, Vortr\u00e4gen, Diskussionen, Theater, Shows und Lesungen. Doch auch Ausstellungen und Podiumsdiskussionen geh\u00f6ren zu unserem Repertoire.<\/p>\n\n\n\n<p>Wir nehmen uns das Motto <strong>&#8222;think global &#8211; act local!&#8220;<\/strong> zu Herzen. In unserer Arbeit wollen wir Menschen vor Ort mit den weltumspannenden Themen Rassismus und Migrationsregime vertraut machen. Wir wollen die Auswirkungen dieser Ph\u00e4nomene vor der Haust\u00fcr und in der Mitte der Gesellschaft sichtbar machen. Unsere Arbeit ist von der \u00dcberzeugung von gelebter Demokratie und universell g\u00fcltiger Gleichberechtigung getragen. Die Einnahmen aus unseren Veranstaltungen lassen wir unter anderem Menschen zugute kommen, die im Rahmen ihres Kampfes um einen Aufenthaltserlaubnis Rechtsanw\u00e4lt*innen finanzieren m\u00fcssen.<\/p>\n\n\n\n<p><strong>Hintergrund<\/strong><br>Hervorgegangen ist die Gruppe aus dem Projekt vok\u00fc.cartonage, das im Fr\u00fchjahr 2006 ins Leben gerufen wurde. Anlass der Gr\u00fcndung war die Kritik an der Verpflegung der in Dresden lebenden Asyl Suchenden mittels der sogenannten \u201eKatalogversorgung\u201c. Da die Lieferung der Lebensmittel in Pappkartons erfolgte, wird der Begriff \u201eKartonverpflegung\u201c als Synonym f\u00fcr dieses Verfahren verwendet, die uns zur Namensgebung inspirierte. Wir begannen, den Asyl Suchenden Pakete abzukaufen und daraus Mahlzeiten zu k\u00fcfa-Preisen zu kochen. Eine ausf\u00fchrliche Beschreibung der entw\u00fcrdigenden Katalogversorgung findet sich weiter unten.<\/p>\n\n\n\n<p>Als Ende 2006 &#8211; nicht zuletzt durch den wachsenden \u00f6ffentlichen Druck &#8211; in Dresden die Katalogversorgung abgeschafft wurde und die Betroffenen stattdessen die ihnen zustehenden Leistungen in Form von Bargeld erhielten, war klar, dass unser Engagegment weiter gehen muss. Zun\u00e4chst weiteten wir unseren Aktionsradius aus, indem wir Karton-Lebensmittel von Asyl Suchenden aus Leipzig \u201eimportierten\u201c. Als Ende 2008 schlie\u00dflich auch dort auf Bargeldzahlung umgestellt wurde, suchten wir nach neuen Formen des Engagements. Die monatliche vok\u00fc.cartonage haben wir jedoch beibehalten und sie in den modernen Namen k\u00fcfa.cartonage umgetauft. Die Zutaten kommen jetzt gl\u00fccklicherweise nicht mehr aus der Verpflegungskartons. Die Veranstaltung bietet den Rahmen f\u00fcr Information und Sensibilisierung weiterer Menschen f\u00fcr das Thema. Daneben ist das gemeinsame Kochen f\u00fcr uns als Gruppe auch ein \u201eSpa\u00dffaktor\u201c, den politisches Engagement in diesem Themenbereich trotz oder gerade wegen der Konfrontation mit all den hier anzutreffenden Widerw\u00e4rtigkeiten braucht.<\/p>\n\n\n\n<p><strong>Aktuell<\/strong><br>Die aktuellen Themen entnehmt ihr am besten der Seite News sowie dem Archiv. Bei der Themenauswahl folgen wir der Tagespolitik, Jahrestagen wichtiger Ereignisse und pers\u00f6nlichem Interesse.<\/p>\n\n\n\n<p><strong>Was ist \u201eKatalogversorgung\u201c?<\/strong><br>Bei diesem System erhalten die Betroffenen die ihnen nach dem Asylbewerberleistungsgesetz f\u00fcr Ern\u00e4hrung und K\u00f6rperpflege zustehenden Leistungen in Form von Sachleistungen. Im Sommer 2012 wurde der Betrag auf das bundesdeutsche Existenzminimum angehoben (das Hartz IV-Niveau). Die Personen erhalten also keinen Geldbetrag, mit dem sie eigenverantwortlich und selbstbestimmt einkaufen k\u00f6nnen, sondern m\u00fcssen aus einem sog. \u201eKatalog\u201c \u2013 einer Liste mit einem stark eingeschr\u00e4nkten Angebot an Lebensmitteln und anderen Waren des t\u00e4glichen Bedarfs \u2013 in H\u00f6he des ihnen zustehenden Betrages ausw\u00e4hlen. Die Zusammenstellung der Produkte entspricht nicht den Ern\u00e4hrungsbed\u00fcrfnissen vieler Fl\u00fcchtlinge. Die Preise f\u00fcr die Waren sind deutlich h\u00f6her als die f\u00fcr vergleichbare Produkte im Supermarkt. Die Lieferung in Dresden erfolgte erst 1 bis 2 Wochen nach der Bestellung, war oft unvollst\u00e4ndig und enthielt manchmal ganz andere als die bestellten Produkte. Obst und Gem\u00fcse wurden oft im fast verdorbenen Zustand geliefert, so dass wir dieses oftmals nicht bei der Vok\u00fc verwenden konnten und wegwerfen mussten. In Sachsen ist die Katalogversorgung weitgehend abgeschafft. Nur noch im Landkreis Leipzig m\u00fcssen Asyl Suchende ihren Einkauf \u00fcber ein Gutschein-System bewerkstelligen.<\/p>\n\n\n\n<p><strong><em>DU HAST LUST, MITZUMISCHEN? KOMM ZU UNSERER N\u00c4CHSTEN VERANSTALUNG&nbsp; ODER SCHREIB UNS EINE <a href=\"https:\/\/cartonage.systemausfall.org\/contact\">MAIL<\/a> !<\/em><\/strong><\/p>\n","protected":false},"excerpt":{"rendered":"<p>Die gruppe.cartonage ist ein freier Zusammenschluss von Menschen. Wir setzten uns ein f\u00fcr eine Welt, in der die Bewegungsfreiheit Selbstverst\u00e4ndlichkeit ist. Dazu geh\u00f6ren zwei Prinzipien: Das Recht zu gehen ist mit dem Recht zu bleiben untrennbar verbunden. Durch verschiedene Formen der \u00d6ffentlichkeitsarbeit informieren wir Interessierte \u00fcber die Rechte von und Restriktionen gegen\u00fcber Asyl Suchenden in&hellip; <a class=\"more-link\" href=\"https:\/\/gruppe-cartonage.org\/?page_id=6\"><span class=\"screen-reader-text\">\u00dcber uns<\/span> weiterlesen<\/a><\/p>\n","protected":false},"author":1,"featured_media":27,"parent":0,"menu_order":0,"comment_status":"closed","ping_status":"closed","template":"","meta":{"pgc_sgb_lightbox_settings":"","footnotes":""},"class_list":["post-6","page","type-page","status-publish","has-post-thumbnail","hentry","entry"],"_links":{"self":[{"href":"https:\/\/gruppe-cartonage.org\/index.php?rest_route=\/wp\/v2\/pages\/6","targetHints":{"allow":["GET"]}}],"collection":[{"href":"https:\/\/gruppe-cartonage.org\/index.php?rest_route=\/wp\/v2\/pages"}],"about":[{"href":"https:\/\/gruppe-cartonage.org\/index.php?rest_route=\/wp\/v2\/types\/page"}],"author":[{"embeddable":true,"href":"https:\/\/gruppe-cartonage.org\/index.php?rest_route=\/wp\/v2\/users\/1"}],"replies":[{"embeddable":true,"href":"https:\/\/gruppe-cartonage.org\/index.php?rest_route=%2Fwp%2Fv2%2Fcomments&post=6"}],"version-history":[{"count":3,"href":"https:\/\/gruppe-cartonage.org\/index.php?rest_route=\/wp\/v2\/pages\/6\/revisions"}],"predecessor-version":[{"id":28,"href":"https:\/\/gruppe-cartonage.org\/index.php?rest_route=\/wp\/v2\/pages\/6\/revisions\/28"}],"wp:featuredmedia":[{"embeddable":true,"href":"https:\/\/gruppe-cartonage.org\/index.php?rest_route=\/wp\/v2\/media\/27"}],"wp:attachment":[{"href":"https:\/\/gruppe-cartonage.org\/index.php?rest_route=%2Fwp%2Fv2%2Fmedia&parent=6"}],"curies":[{"name":"wp","href":"https:\/\/api.w.org\/{rel}","templated":true}]}}